{"id":12115,"date":"2022-12-09T10:00:22","date_gmt":"2022-12-09T10:00:22","guid":{"rendered":"https:\/\/razziwp.com\/minimal\/?page_id=12115"},"modified":"2026-01-23T18:07:42","modified_gmt":"2026-01-23T15:07:42","slug":"anasayfa","status":"publish","type":"page","link":"https:\/\/www.ataserkuyumculuk.com\/","title":{"rendered":"Anasayfa"},"content":{"rendered":"\t\t<div data-elementor-type=\"wp-page\" data-elementor-id=\"12115\" class=\"elementor elementor-12115\">\n\t\t\t\t\t\t<section class=\"elementor-section elementor-top-section elementor-element elementor-element-422d91ac elementor-section-boxed elementor-section-height-default elementor-section-height-default\" data-id=\"422d91ac\" data-element_type=\"section\">\n\t\t\t\t\t\t<div class=\"elementor-container elementor-column-gap-extended\">\n\t\t\t\t\t<div class=\"elementor-column elementor-col-66 elementor-top-column elementor-element elementor-element-ef9b9ad\" data-id=\"ef9b9ad\" data-element_type=\"column\">\n\t\t\t<div class=\"elementor-widget-wrap elementor-element-populated\">\n\t\t\t\t\t\t<div class=\"elementor-element elementor-element-2967ed88 razzi--v-position-bottom razzi--h-position-left elementor-widget elementor-widget-razzi-banner\" data-id=\"2967ed88\" data-element_type=\"widget\" data-widget_type=\"razzi-banner.default\">\n\t\t\t\t<div class=\"elementor-widget-container\">\n\t\t\t\t\t<div class=\"razzi-banner\"> <div class=\"razzi-banner__featured-image zoom\"><\/div><div class=\"razzi-banner-content\"><div class=\"razzi-banner-content-inner\"><h4 class=\"razzi-banner-content__title\">2026 \u0130lkbahar<br class=\"hidden-sm hidden-xs\"\/>\nM\u00fccevher Koleksiyonu<\/h4><div class=\"razzi-banner-button-group\"><a href=\"https:\/\/www.instagram.com\/ataserbyserkanbulut\/\" target=\"_blank\" class=\"razzi-banner-content__button razzi-button button-normal\">\u00dcr\u00fcnleri \u0130ncele<span class=\"razzi-svg-icon razzi-icon\"><svg aria-hidden=\"true\" role=\"img\" focusable=\"false\" xmlns=\"http:\/\/www.w3.org\/2000\/svg\" width=\"24\" height=\"24\" viewBox=\"0 0 24 24\" fill=\"none\" stroke=\"currentColor\" stroke-width=\"2\" stroke-linecap=\"round\" stroke-linejoin=\"round\"><line x1=\"0\" y1=\"12\" x2=\"19\" y2=\"12\"><\/line><polyline points=\"12 5 19 12 12 19\"><\/polyline><\/svg><\/span><\/a><\/div><\/div><\/div><a href=\"https:\/\/www.instagram.com\/ataserbyserkanbulut\/\" target=\"_blank\" class=\"razzi-banner-content__button-link\"><\/a><\/div>\t\t\t\t<\/div>\n\t\t\t\t<\/div>\n\t\t\t\t\t<\/div>\n\t\t<\/div>\n\t\t\t\t<div class=\"elementor-column elementor-col-33 elementor-top-column elementor-element elementor-element-7b6a5cba\" data-id=\"7b6a5cba\" data-element_type=\"column\">\n\t\t\t<div class=\"elementor-widget-wrap elementor-element-populated\">\n\t\t\t\t\t\t<div class=\"elementor-element elementor-element-7098656c razzi--h-position-center razzi--v-position-middle elementor-widget elementor-widget-razzi-banner\" data-id=\"7098656c\" data-element_type=\"widget\" data-widget_type=\"razzi-banner.default\">\n\t\t\t\t<div class=\"elementor-widget-container\">\n\t\t\t\t\t<div class=\"razzi-banner\"> <div class=\"razzi-banner__featured-image zoom\"><\/div><div class=\"razzi-banner-content\"><div class=\"razzi-banner-content-inner\"><h5 class=\"razzi-banner-content__sub-title\">Siz hala e\u015fsiz<\/h5><h4 class=\"razzi-banner-content__title\">Setlerimizi<\/h4><div class=\"razzi-banner-content__description\">ke\u015ffetmediniz mi?<\/div><div class=\"razzi-banner-button-group\"><\/div><\/div><\/div><a href=\"#\" class=\"razzi-banner-content__button-link\"><\/a><\/div>\t\t\t\t<\/div>\n\t\t\t\t<\/div>\n\t\t\t\t\t<\/div>\n\t\t<\/div>\n\t\t\t\t\t<\/div>\n\t\t<\/section>\n\t\t\t\t<section class=\"elementor-section elementor-top-section elementor-element elementor-element-628d2b5d elementor-section-boxed elementor-section-height-default elementor-section-height-default\" data-id=\"628d2b5d\" data-element_type=\"section\">\n\t\t\t\t\t\t<div class=\"elementor-container elementor-column-gap-extended\">\n\t\t\t\t\t<div class=\"elementor-column elementor-col-33 elementor-top-column elementor-element elementor-element-49024c5a\" data-id=\"49024c5a\" data-element_type=\"column\">\n\t\t\t<div class=\"elementor-widget-wrap elementor-element-populated\">\n\t\t\t\t\t\t<div class=\"elementor-element elementor-element-313db8a6 elementor-widget elementor-widget-razzi-newsletter-2\" data-id=\"313db8a6\" data-element_type=\"widget\" data-widget_type=\"razzi-newsletter-2.default\">\n\t\t\t\t<div class=\"elementor-widget-container\">\n\t\t\t\t\t\t\t<div class=\"razzi-newsletter-2\">\r\n\t\t\t<div class=\"razzi-newsletter-2__heading\"><h3 class=\"newsletter-title\">I\u015f\u0131lt\u0131l\u0131 D\u00fcnyam\u0131zdan Haberiniz Olsun!<\/h3> <div class=\"newsletter-desc\">Yeni koleksiyonlar\u0131m\u0131z\u0131 ve heyecan verici \u00fcr\u00fcnlerimizi herkesten \u00f6nce ke\u015ffetme ayr\u0131cal\u0131\u011f\u0131na sahip olmak i\u00e7in...<\/div><\/div>\t\t\t<script>(function() {\n\twindow.mc4wp = window.mc4wp || {\n\t\tlisteners: [],\n\t\tforms: {\n\t\t\ton: function(evt, cb) {\n\t\t\t\twindow.mc4wp.listeners.push(\n\t\t\t\t\t{\n\t\t\t\t\t\tevent   : evt,\n\t\t\t\t\t\tcallback: cb\n\t\t\t\t\t}\n\t\t\t\t);\n\t\t\t}\n\t\t}\n\t}\n})();\n<\/script><!-- Mailchimp for WordPress v4.10.9 - https:\/\/wordpress.org\/plugins\/mailchimp-for-wp\/ --><form id=\"mc4wp-form-1\" class=\"mc4wp-form mc4wp-form-311\" method=\"post\" data-id=\"311\" data-name=\"Razzi Form\" ><div class=\"mc4wp-form-fields\"><input type=\"email\" name=\"email\" placeholder=\"Email adresiniz *\" required \/>\r\n<input type=\"submit\" value=\"Kay\u0131t Ol\" \/>\r\n\r\n<\/div><label style=\"display: none !important;\">Leave this field empty if you're human: <input type=\"text\" name=\"_mc4wp_honeypot\" value=\"\" tabindex=\"-1\" autocomplete=\"off\" \/><\/label><input type=\"hidden\" name=\"_mc4wp_timestamp\" value=\"1776506338\" \/><input type=\"hidden\" name=\"_mc4wp_form_id\" value=\"311\" \/><input type=\"hidden\" name=\"_mc4wp_form_element_id\" value=\"mc4wp-form-1\" \/><div class=\"mc4wp-response\"><\/div><\/form><!-- \/ Mailchimp for WordPress Plugin -->\t\t<\/div>\r\n\t\t\t\t\t\t<\/div>\n\t\t\t\t<\/div>\n\t\t\t\t\t<\/div>\n\t\t<\/div>\n\t\t\t\t<div class=\"elementor-column elementor-col-33 elementor-top-column elementor-element elementor-element-c575d78\" data-id=\"c575d78\" data-element_type=\"column\">\n\t\t\t<div class=\"elementor-widget-wrap elementor-element-populated\">\n\t\t\t\t\t\t<div class=\"elementor-element elementor-element-5b8305f9 razzi--h-position-center razzi--v-position-middle elementor-widget elementor-widget-razzi-banner\" data-id=\"5b8305f9\" data-element_type=\"widget\" data-widget_type=\"razzi-banner.default\">\n\t\t\t\t<div class=\"elementor-widget-container\">\n\t\t\t\t\t<div class=\"razzi-banner\"> <div class=\"razzi-banner__featured-image zoom\"><\/div><div class=\"razzi-banner-content\"><div class=\"razzi-banner-content-inner\"><h4 class=\"razzi-banner-content__title\">Erkek & Kad\u0131n<br>Saat Koleksiyonu<\/h4><div class=\"razzi-banner-button-group\"><a href=\"https:\/\/www.instagram.com\/ataserbyserkanbulut\/\" target=\"_blank\" class=\"razzi-banner-content__button razzi-button button-normal\">\u00dcr\u00fcnleri \u0130ncele<span class=\"razzi-svg-icon razzi-icon\"><svg aria-hidden=\"true\" role=\"img\" focusable=\"false\" xmlns=\"http:\/\/www.w3.org\/2000\/svg\" width=\"24\" height=\"24\" viewBox=\"0 0 24 24\" fill=\"none\" stroke=\"currentColor\" stroke-width=\"2\" stroke-linecap=\"round\" stroke-linejoin=\"round\"><line x1=\"0\" y1=\"12\" x2=\"19\" y2=\"12\"><\/line><polyline points=\"12 5 19 12 12 19\"><\/polyline><\/svg><\/span><\/a><\/div><\/div><\/div><a href=\"https:\/\/www.instagram.com\/ataserbyserkanbulut\/\" target=\"_blank\" class=\"razzi-banner-content__button-link\"><\/a><\/div>\t\t\t\t<\/div>\n\t\t\t\t<\/div>\n\t\t\t\t\t<\/div>\n\t\t<\/div>\n\t\t\t\t<div class=\"elementor-column elementor-col-33 elementor-top-column elementor-element elementor-element-470812db\" data-id=\"470812db\" data-element_type=\"column\">\n\t\t\t<div class=\"elementor-widget-wrap elementor-element-populated\">\n\t\t\t\t\t\t<div class=\"elementor-element elementor-element-6422afdf razzi--h-position-center razzi--v-position-middle elementor-widget elementor-widget-razzi-banner\" data-id=\"6422afdf\" data-element_type=\"widget\" data-widget_type=\"razzi-banner.default\">\n\t\t\t\t<div class=\"elementor-widget-container\">\n\t\t\t\t\t<div class=\"razzi-banner\"> <div class=\"razzi-banner__featured-image zoom\"><\/div><div class=\"razzi-banner-content\"><div class=\"razzi-banner-content-inner\"><h4 class=\"razzi-banner-content__title\">Sirius P\u0131rlanta Koleksiyonu<\/h4><div class=\"razzi-banner-button-group\"><a href=\"https:\/\/www.instagram.com\/ataserbyserkanbulut\/\" class=\"razzi-banner-content__button razzi-button button-normal\">P\u0131rlanta \u00dcr\u00fcnleri<span class=\"razzi-svg-icon razzi-icon\"><svg aria-hidden=\"true\" role=\"img\" focusable=\"false\" xmlns=\"http:\/\/www.w3.org\/2000\/svg\" width=\"24\" height=\"24\" viewBox=\"0 0 24 24\" fill=\"none\" stroke=\"currentColor\" stroke-width=\"2\" stroke-linecap=\"round\" stroke-linejoin=\"round\"><line x1=\"0\" y1=\"12\" x2=\"19\" y2=\"12\"><\/line><polyline points=\"12 5 19 12 12 19\"><\/polyline><\/svg><\/span><\/a><\/div><\/div><\/div><a href=\"https:\/\/www.instagram.com\/ataserbyserkanbulut\/\" class=\"razzi-banner-content__button-link\"><\/a><\/div>\t\t\t\t<\/div>\n\t\t\t\t<\/div>\n\t\t\t\t\t<\/div>\n\t\t<\/div>\n\t\t\t\t\t<\/div>\n\t\t<\/section>\n\t\t\t\t<section class=\"elementor-section elementor-top-section elementor-element elementor-element-4fdb932d elementor-section-boxed elementor-section-height-default elementor-section-height-default\" data-id=\"4fdb932d\" data-element_type=\"section\">\n\t\t\t\t\t\t<div class=\"elementor-container elementor-column-gap-extended\">\n\t\t\t\t\t<div class=\"elementor-column elementor-col-100 elementor-top-column elementor-element elementor-element-3bf93c51\" data-id=\"3bf93c51\" data-element_type=\"column\">\n\t\t\t<div class=\"elementor-widget-wrap elementor-element-populated\">\n\t\t\t\t\t\t<div class=\"elementor-element elementor-element-1ba6548a elementor-widget elementor-widget-razzi-banner-collection\" data-id=\"1ba6548a\" data-element_type=\"widget\" data-widget_type=\"razzi-banner-collection.default\">\n\t\t\t\t<div class=\"elementor-widget-container\">\n\t\t\t\t\t<div class=\"razzi-banner-collection\"><div class=\"razzi-banner-clt__images\"><div class=\"razzi-banner-clt__images-item col-flex-md-6 col-flex-sm-6 col-flex-xs-6\"><img fetchpriority=\"high\" decoding=\"async\" width=\"720\" height=\"720\" src=\"https:\/\/www.ataserkuyumculuk.com\/wp-content\/uploads\/2025\/11\/ataser-banner-large-1-1.jpg\" class=\"attachment-full size-full wp-image-12570\" alt=\"\" srcset=\"https:\/\/www.ataserkuyumculuk.com\/wp-content\/uploads\/2025\/11\/ataser-banner-large-1-1.jpg 720w, https:\/\/www.ataserkuyumculuk.com\/wp-content\/uploads\/2025\/11\/ataser-banner-large-1-1-300x300.jpg 300w, https:\/\/www.ataserkuyumculuk.com\/wp-content\/uploads\/2025\/11\/ataser-banner-large-1-1-150x150.jpg 150w, https:\/\/www.ataserkuyumculuk.com\/wp-content\/uploads\/2025\/11\/ataser-banner-large-1-1-600x600.jpg 600w, https:\/\/www.ataserkuyumculuk.com\/wp-content\/uploads\/2025\/11\/ataser-banner-large-1-1-100x100.jpg 100w\" sizes=\"(max-width: 720px) 100vw, 720px\" \/><\/div><div class=\"razzi-banner-clt__images-item col-flex-md-6 col-flex-sm-6 col-flex-xs-6\"><img decoding=\"async\" width=\"720\" height=\"720\" src=\"https:\/\/www.ataserkuyumculuk.com\/wp-content\/uploads\/2025\/11\/ataser-banner-large-1-2.jpg\" class=\"attachment-full size-full wp-image-12571\" alt=\"\" srcset=\"https:\/\/www.ataserkuyumculuk.com\/wp-content\/uploads\/2025\/11\/ataser-banner-large-1-2.jpg 720w, https:\/\/www.ataserkuyumculuk.com\/wp-content\/uploads\/2025\/11\/ataser-banner-large-1-2-300x300.jpg 300w, https:\/\/www.ataserkuyumculuk.com\/wp-content\/uploads\/2025\/11\/ataser-banner-large-1-2-150x150.jpg 150w, https:\/\/www.ataserkuyumculuk.com\/wp-content\/uploads\/2025\/11\/ataser-banner-large-1-2-600x600.jpg 600w, https:\/\/www.ataserkuyumculuk.com\/wp-content\/uploads\/2025\/11\/ataser-banner-large-1-2-100x100.jpg 100w\" sizes=\"(max-width: 720px) 100vw, 720px\" \/><\/div><\/div> <div class=\"razzi-banner-clt__content\"><div class=\"razzi-banner-clt__content-inner\"><h3 class=\"razzi-banner-clt__content-title\">D\u00fc\u011f\u00fcn & Ni\u015fan Koleksiyonu<\/h3> <div class=\"razzi-banner-clt__content-desc\">Sonsuz sevginizin, hayat\u0131n\u0131z\u0131n en de\u011ferli anlar\u0131nda, Ataser Kuyumculuk g\u00fcvencesi ve \u0131\u015f\u0131lt\u0131s\u0131yla e\u015flik edin.<\/div> <a href=\"https:\/\/www.instagram.com\/ataserbyserkanbulut\/\" target=\"_blank\" class=\"razzi-banner-clt__content-button razzi-button\">Koleksiyonu \u0130ncele <span class=\"razzi-svg-icon razzi-icon\"><svg aria-hidden=\"true\" role=\"img\" focusable=\"false\" xmlns=\"http:\/\/www.w3.org\/2000\/svg\" width=\"24\" height=\"24\" viewBox=\"0 0 24 24\" fill=\"none\" stroke=\"currentColor\" stroke-width=\"2\" stroke-linecap=\"round\" stroke-linejoin=\"round\"><line x1=\"0\" y1=\"12\" x2=\"19\" y2=\"12\"><\/line><polyline points=\"12 5 19 12 12 19\"><\/polyline><\/svg><\/span><\/a><\/div><\/div> <a href=\"https:\/\/www.instagram.com\/ataserbyserkanbulut\/\" target=\"_blank\" class=\"razzi-banner-clt-link\"><\/a><\/div>\t\t\t\t<\/div>\n\t\t\t\t<\/div>\n\t\t\t\t\t<\/div>\n\t\t<\/div>\n\t\t\t\t\t<\/div>\n\t\t<\/section>\n\t\t\t\t<\/div>\n\t\t","protected":false},"excerpt":{"rendered":"<p>2026 \u0130lkbahar M\u00fccevher Koleksiyonu \u00dcr\u00fcnleri \u0130ncele Siz hala e\u015fsiz Setlerimizi ke\u015ffetmediniz mi? I\u015f\u0131lt\u0131l\u0131 D\u00fcnyam\u0131zdan Haberiniz Olsun! Yeni koleksiyonlar\u0131m\u0131z\u0131 ve heyecan verici \u00fcr\u00fcnlerimizi herkesten \u00f6nce ke\u015ffetme ayr\u0131cal\u0131\u011f\u0131na sahip olmak i\u00e7in&#8230; Leave this field empty if you&#8217;re human: Erkek &#038; Kad\u0131nSaat Koleksiyonu \u00dcr\u00fcnleri \u0130ncele Sirius P\u0131rlanta Koleksiyonu P\u0131rlanta \u00dcr\u00fcnleri D\u00fc\u011f\u00fcn &#038; Ni\u015fan Koleksiyonu Sonsuz sevginizin, hayat\u0131n\u0131z\u0131n en [&hellip;]<\/p>\n","protected":false},"author":1,"featured_media":0,"parent":0,"menu_order":0,"comment_status":"closed","ping_status":"closed","template":"","meta":{"footnotes":""},"class_list":["post-12115","page","type-page","status-publish","hentry"],"_links":{"self":[{"href":"https:\/\/www.ataserkuyumculuk.com\/index.php\/wp-json\/wp\/v2\/pages\/12115","targetHints":{"allow":["GET"]}}],"collection":[{"href":"https:\/\/www.ataserkuyumculuk.com\/index.php\/wp-json\/wp\/v2\/pages"}],"about":[{"href":"https:\/\/www.ataserkuyumculuk.com\/index.php\/wp-json\/wp\/v2\/types\/page"}],"author":[{"embeddable":true,"href":"https:\/\/www.ataserkuyumculuk.com\/index.php\/wp-json\/wp\/v2\/users\/1"}],"replies":[{"embeddable":true,"href":"https:\/\/www.ataserkuyumculuk.com\/index.php\/wp-json\/wp\/v2\/comments?post=12115"}],"version-history":[{"count":63,"href":"https:\/\/www.ataserkuyumculuk.com\/index.php\/wp-json\/wp\/v2\/pages\/12115\/revisions"}],"predecessor-version":[{"id":12792,"href":"https:\/\/www.ataserkuyumculuk.com\/index.php\/wp-json\/wp\/v2\/pages\/12115\/revisions\/12792"}],"wp:attachment":[{"href":"https:\/\/www.ataserkuyumculuk.com\/index.php\/wp-json\/wp\/v2\/media?parent=12115"}],"curies":[{"name":"wp","href":"https:\/\/api.w.org\/{rel}","templated":true}]}}