{"id":633,"date":"2020-10-13T09:00:26","date_gmt":"2020-10-13T09:00:26","guid":{"rendered":"http:\/\/localhost\/razzi\/?page_id=633"},"modified":"2025-11-12T12:28:17","modified_gmt":"2025-11-12T09:28:17","slug":"kurumsal","status":"publish","type":"page","link":"https:\/\/www.ataserkuyumculuk.com\/index.php\/kurumsal\/","title":{"rendered":"Kurumsal"},"content":{"rendered":"\t\t<div data-elementor-type=\"wp-page\" data-elementor-id=\"633\" class=\"elementor elementor-633\">\n\t\t\t\t\t\t<section class=\"elementor-section elementor-top-section elementor-element elementor-element-b1be108 elementor-section-boxed elementor-section-height-default elementor-section-height-default\" data-id=\"b1be108\" data-element_type=\"section\" data-settings=\"{&quot;background_background&quot;:&quot;classic&quot;}\">\n\t\t\t\t\t\t<div class=\"elementor-container elementor-column-gap-no\">\n\t\t\t\t\t<div class=\"elementor-column elementor-col-100 elementor-top-column elementor-element elementor-element-2e0515c\" data-id=\"2e0515c\" data-element_type=\"column\" data-settings=\"{&quot;background_background&quot;:&quot;classic&quot;}\">\n\t\t\t<div class=\"elementor-widget-wrap elementor-element-populated\">\n\t\t\t\t\t\t<div class=\"elementor-element elementor-element-062d9d3 elementor-widget elementor-widget-heading\" data-id=\"062d9d3\" data-element_type=\"widget\" data-widget_type=\"heading.default\">\n\t\t\t\t\t<h2 class=\"elementor-heading-title elementor-size-default\">Her Par\u00e7a Bir Sanat, Her M\u00fc\u015fteri Bir De\u011fer.<\/h2>\t\t\t\t<\/div>\n\t\t\t\t\t<\/div>\n\t\t<\/div>\n\t\t\t\t\t<\/div>\n\t\t<\/section>\n\t\t\t\t<section class=\"elementor-section elementor-top-section elementor-element elementor-element-a9435d9 elementor-section-boxed elementor-section-height-default elementor-section-height-default\" data-id=\"a9435d9\" data-element_type=\"section\">\n\t\t\t\t\t\t<div class=\"elementor-container elementor-column-gap-extended\">\n\t\t\t\t\t<div class=\"elementor-column elementor-col-50 elementor-top-column elementor-element elementor-element-2ca6e37\" data-id=\"2ca6e37\" data-element_type=\"column\">\n\t\t\t<div class=\"elementor-widget-wrap elementor-element-populated\">\n\t\t\t\t\t\t<div class=\"elementor-element elementor-element-19a047b elementor-widget elementor-widget-image\" data-id=\"19a047b\" data-element_type=\"widget\" data-widget_type=\"image.default\">\n\t\t\t\t\t\t\t\t\t\t\t\t\t\t\t<img fetchpriority=\"high\" decoding=\"async\" width=\"570\" height=\"500\" src=\"https:\/\/www.ataserkuyumculuk.com\/wp-content\/uploads\/2025\/11\/ataser-about-us-img1.jpg\" class=\"attachment-large size-large wp-image-12616\" alt=\"\" srcset=\"https:\/\/www.ataserkuyumculuk.com\/wp-content\/uploads\/2025\/11\/ataser-about-us-img1.jpg 570w, https:\/\/www.ataserkuyumculuk.com\/wp-content\/uploads\/2025\/11\/ataser-about-us-img1-300x263.jpg 300w\" sizes=\"(max-width: 570px) 100vw, 570px\" \/>\t\t\t\t\t\t\t\t\t\t\t\t\t\t\t<\/div>\n\t\t\t\t\t<\/div>\n\t\t<\/div>\n\t\t\t\t<div class=\"elementor-column elementor-col-50 elementor-top-column elementor-element elementor-element-0f3eef1\" data-id=\"0f3eef1\" data-element_type=\"column\">\n\t\t\t<div class=\"elementor-widget-wrap elementor-element-populated\">\n\t\t\t\t\t\t<div class=\"elementor-element elementor-element-57f1c50 elementor-widget elementor-widget-heading\" data-id=\"57f1c50\" data-element_type=\"widget\" data-widget_type=\"heading.default\">\n\t\t\t\t\t<h6 class=\"elementor-heading-title elementor-size-default\">KURUMSAL<\/h6>\t\t\t\t<\/div>\n\t\t\t\t<div class=\"elementor-element elementor-element-b2daf09 elementor-widget elementor-widget-heading\" data-id=\"b2daf09\" data-element_type=\"widget\" data-widget_type=\"heading.default\">\n\t\t\t\t\t<h3 class=\"elementor-heading-title elementor-size-default\">Ataser Hakk\u0131nda<\/h3>\t\t\t\t<\/div>\n\t\t\t\t<div class=\"elementor-element elementor-element-20f4454 elementor-widget elementor-widget-text-editor\" data-id=\"20f4454\" data-element_type=\"widget\" data-widget_type=\"text-editor.default\">\n\t\t\t\t\t\t\t\t\t<p>Kocaeli\u2019nin g\u00fcvenilir kuyumcu adresi Ataser Kuyumculuk, uzun y\u0131llara dayanan deneyimi, yenilik\u00e7i tasar\u0131m anlay\u0131\u015f\u0131 ve m\u00fc\u015fteri memnuniyeti odakl\u0131 hizmetiyle alt\u0131n ve p\u0131rlanta d\u00fcnyas\u0131nda se\u00e7kin bir yer edinmi\u015ftir. Kurucusu Serkan Bulut\u2019un \u00f6nc\u00fcl\u00fc\u011f\u00fcnde, \u0130zmit\u2019ten t\u00fcm T\u00fcrkiye\u2019ye ula\u015fan bir g\u00fcven ve kalite markas\u0131 olarak hizmet vermektedir.<\/p>\t\t\t\t\t\t\t\t<\/div>\n\t\t\t\t<div class=\"elementor-element elementor-element-31617f0 elementor-widget elementor-widget-text-editor\" data-id=\"31617f0\" data-element_type=\"widget\" data-widget_type=\"text-editor.default\">\n\t\t\t\t\t\t\t\t\tAmac\u0131m\u0131z, sadece bir m\u00fccevher satmak de\u011fil, ayn\u0131 zamanda size \u00f6zel bir estetik deneyim ya\u015fatmakt\u0131r.\t\t\t\t\t\t\t\t<\/div>\n\t\t\t\t\t<\/div>\n\t\t<\/div>\n\t\t\t\t\t<\/div>\n\t\t<\/section>\n\t\t\t\t<section class=\"elementor-section elementor-top-section elementor-element elementor-element-6148470 elementor-section-boxed elementor-section-height-default elementor-section-height-default\" data-id=\"6148470\" data-element_type=\"section\" data-settings=\"{&quot;background_background&quot;:&quot;classic&quot;}\">\n\t\t\t\t\t\t<div class=\"elementor-container elementor-column-gap-no\">\n\t\t\t\t\t<div class=\"elementor-column elementor-col-100 elementor-top-column elementor-element elementor-element-9eac81c\" data-id=\"9eac81c\" data-element_type=\"column\">\n\t\t\t<div class=\"elementor-widget-wrap elementor-element-populated\">\n\t\t\t\t\t\t<div class=\"elementor-element elementor-element-82d086f elementor-widget elementor-widget-heading\" data-id=\"82d086f\" data-element_type=\"widget\" data-widget_type=\"heading.default\">\n\t\t\t\t\t<h3 class=\"elementor-heading-title elementor-size-default\">\u0130tibar\u0131m\u0131z\u0131n Temeli: D\u00fcr\u00fcstl\u00fck ve Kalite<\/h3>\t\t\t\t<\/div>\n\t\t\t\t<section class=\"elementor-section elementor-inner-section elementor-element elementor-element-a60adb7 elementor-section-boxed elementor-section-height-default elementor-section-height-default\" data-id=\"a60adb7\" data-element_type=\"section\">\n\t\t\t\t\t\t<div class=\"elementor-container elementor-column-gap-extended\">\n\t\t\t\t\t<div class=\"elementor-column elementor-col-25 elementor-inner-column elementor-element elementor-element-6bf8181\" data-id=\"6bf8181\" data-element_type=\"column\">\n\t\t\t<div class=\"elementor-widget-wrap\">\n\t\t\t\t\t\t\t<\/div>\n\t\t<\/div>\n\t\t\t\t<div class=\"elementor-column elementor-col-25 elementor-inner-column elementor-element elementor-element-e89a4b9\" data-id=\"e89a4b9\" data-element_type=\"column\">\n\t\t\t<div class=\"elementor-widget-wrap elementor-element-populated\">\n\t\t\t\t\t\t<div class=\"elementor-element elementor-element-68278cf elementor-widget elementor-widget-text-editor\" data-id=\"68278cf\" data-element_type=\"widget\" data-widget_type=\"text-editor.default\">\n\t\t\t\t\t\t\t\t\tAtaser Kuyumculuk olarak, itibar\u0131m\u0131z\u0131 d\u00fcr\u00fcstl\u00fck ve \u015feffafl\u0131k \u00fczerine in\u015fa ettik. M\u00fc\u015fterilerimizin bize duydu\u011fu g\u00fcven en de\u011ferli hazinemizdir. Bu nedenle, sat\u0131\u015fa sundu\u011fumuz her bir \u00fcr\u00fcn \u2014 ister zarif bir sade bileklik, ister g\u00f6z kama\u015ft\u0131r\u0131c\u0131 bir p\u0131rlanta tamtur y\u00fcz\u00fck olsun \u2014 en y\u00fcksek kalite standartlar\u0131nda ve titizlikle se\u00e7ilmi\u015ftir.\t\t\t\t\t\t\t\t<\/div>\n\t\t\t\t<div class=\"elementor-element elementor-element-a3a278d elementor-widget elementor-widget-text-editor\" data-id=\"a3a278d\" data-element_type=\"widget\" data-widget_type=\"text-editor.default\">\n\t\t\t\t\t\t\t\t\t<p><strong>Alt\u0131n \u00dcr\u00fcnler Koleksiyonu:<\/strong> \u015e\u0131kl\u0131\u011f\u0131 ve sadeli\u011fi sevenler i\u00e7in sade bilezikler, g\u00f6z al\u0131c\u0131 tasar\u0131mlar arayanlar i\u00e7in ta\u015fl\u0131 kolyeler, ki\u015fiselle\u015ftirilmi\u015f dokunu\u015f isteyenler i\u00e7in charm bileklikler ve \u00f6zel g\u00fcnlerin vazge\u00e7ilmezi alt\u0131n d\u00fc\u011f\u00fcn setleri.<\/p>\t\t\t\t\t\t\t\t<\/div>\n\t\t\t\t\t<\/div>\n\t\t<\/div>\n\t\t\t\t<div class=\"elementor-column elementor-col-25 elementor-inner-column elementor-element elementor-element-f824cf6\" data-id=\"f824cf6\" data-element_type=\"column\">\n\t\t\t<div class=\"elementor-widget-wrap elementor-element-populated\">\n\t\t\t\t\t\t<div class=\"elementor-element elementor-element-22c06f6 elementor-widget elementor-widget-text-editor\" data-id=\"22c06f6\" data-element_type=\"widget\" data-widget_type=\"text-editor.default\">\n\t\t\t\t\t\t\t\t\t<p>Bizim i\u00e7in en de\u011ferli hazine, m\u00fc\u015fterilerimizle kurdu\u011fumuz uzun soluklu ve samimi ili\u015fkilerdir. Sizleri anlamak, beklentilerinizi dinlemek ve hayalinizdeki \u00fcr\u00fcn\u00fc en kaliteli \u015fekilde sizlere sunmak en \u00f6nemli \u00f6nceli\u011fimizdir. Ataser Kuyumculuk ailesi olarak, sizlere sadece al\u0131\u015fveri\u015f de\u011fil, ayn\u0131 zamanda g\u00fcven, de\u011fer ve memnuniyet hissini ya\u015fatmay\u0131 taahh\u00fct ediyoruz.<\/p>\t\t\t\t\t\t\t\t<\/div>\n\t\t\t\t<div class=\"elementor-element elementor-element-3d9164d elementor-widget elementor-widget-text-editor\" data-id=\"3d9164d\" data-element_type=\"widget\" data-widget_type=\"text-editor.default\">\n\t\t\t\t\t\t\t\t\t<p><strong>P\u0131rlanta &amp; Elmas Koleksiyonu:<\/strong> E\u015fsiz ve de\u011ferli anlar\u0131 ta\u00e7land\u0131ran p\u0131rlanta tekta\u015f y\u00fcz\u00fckler, modern \u00e7izgileriyle dikkat \u00e7eken p\u0131rlanta baget bilezikler ve zarafetin simgesi p\u0131rlanta gerdanl\u0131klar.<\/p>\t\t\t\t\t\t\t\t<\/div>\n\t\t\t\t\t<\/div>\n\t\t<\/div>\n\t\t\t\t<div class=\"elementor-column elementor-col-25 elementor-inner-column elementor-element elementor-element-dd09803\" data-id=\"dd09803\" data-element_type=\"column\">\n\t\t\t<div class=\"elementor-widget-wrap\">\n\t\t\t\t\t\t\t<\/div>\n\t\t<\/div>\n\t\t\t\t\t<\/div>\n\t\t<\/section>\n\t\t\t\t<div class=\"elementor-element elementor-element-9a0f3e5 elementor-align-center elementor-widget elementor-widget-razzi-button\" data-id=\"9a0f3e5\" data-element_type=\"widget\" data-widget_type=\"razzi-button.default\">\n\t\t\t\t<div class=\"elementor-widget-container\">\n\t\t\t\t\t        <a href=\"#\" class=\"razzi-button-link razzi-button\">\n\t\t\t\t\t\t\t\t\t<span class=\"razzi-button-text\">\u00dcr\u00fcnlerimiz<\/span>        <\/a>\n\t\t\t\t\t\t<\/div>\n\t\t\t\t<\/div>\n\t\t\t\t\t<\/div>\n\t\t<\/div>\n\t\t\t\t\t<\/div>\n\t\t<\/section>\n\t\t\t\t<section class=\"elementor-section elementor-top-section elementor-element elementor-element-d546ecf elementor-section-boxed elementor-section-height-default elementor-section-height-default\" data-id=\"d546ecf\" data-element_type=\"section\">\n\t\t\t\t\t\t<div class=\"elementor-container elementor-column-gap-extended\">\n\t\t\t\t\t<div class=\"elementor-column elementor-col-50 elementor-top-column elementor-element elementor-element-d2c4dae\" data-id=\"d2c4dae\" data-element_type=\"column\">\n\t\t\t<div class=\"elementor-widget-wrap elementor-element-populated\">\n\t\t\t\t\t\t<div class=\"elementor-element elementor-element-44106c2 elementor-widget elementor-widget-heading\" data-id=\"44106c2\" data-element_type=\"widget\" data-widget_type=\"heading.default\">\n\t\t\t\t\t<h6 class=\"elementor-heading-title elementor-size-default\">De\u011fer Verdi\u011fimiz Tek \u015eey; Sizsiniz<\/h6>\t\t\t\t<\/div>\n\t\t\t\t<div class=\"elementor-element elementor-element-571e772 elementor-widget elementor-widget-heading\" data-id=\"571e772\" data-element_type=\"widget\" data-widget_type=\"heading.default\">\n\t\t\t\t\t<h3 class=\"elementor-heading-title elementor-size-default\">Gelece\u011fe Parlak Bir I\u015f\u0131k Tutuyoruz<\/h3>\t\t\t\t<\/div>\n\t\t\t\t<div class=\"elementor-element elementor-element-92f7a50 elementor-widget elementor-widget-text-editor\" data-id=\"92f7a50\" data-element_type=\"widget\" data-widget_type=\"text-editor.default\">\n\t\t\t\t\t\t\t\t\tSekt\u00f6rdeki yenilikleri yak\u0131ndan takip ederek, hem tasar\u0131m hem de hizmet anlay\u0131\u015f\u0131m\u0131z\u0131 s\u00fcrekli geli\u015ftiriyoruz. Ataser Kuyumculuk olarak, siz de\u011ferli m\u00fc\u015fterilerimizin deste\u011fiyle, gelecekte de T\u00fcrkiye&#8217;nin \u00f6nde gelen kuyumcu markalar\u0131ndan biri olmay\u0131 s\u00fcrd\u00fcrece\u011fiz.\n\n\t\t\t\t\t\t\t\t<\/div>\n\t\t\t\t<div class=\"elementor-element elementor-element-7b074ab elementor-widget elementor-widget-text-editor\" data-id=\"7b074ab\" data-element_type=\"widget\" data-widget_type=\"text-editor.default\">\n\t\t\t\t\t\t\t\t\t<h4>G\u00fcvenin, Esteti\u011fin ve Kalitenin Bulu\u015ftu\u011fu Adres.<\/h4>\t\t\t\t\t\t\t\t<\/div>\n\t\t\t\t\t<\/div>\n\t\t<\/div>\n\t\t\t\t<div class=\"elementor-column elementor-col-50 elementor-top-column elementor-element elementor-element-42aaa27\" data-id=\"42aaa27\" data-element_type=\"column\">\n\t\t\t<div class=\"elementor-widget-wrap elementor-element-populated\">\n\t\t\t\t\t\t<div class=\"elementor-element elementor-element-e7bc62e elementor-widget elementor-widget-image\" data-id=\"e7bc62e\" data-element_type=\"widget\" data-widget_type=\"image.default\">\n\t\t\t\t\t\t\t\t\t\t\t\t\t\t\t<img decoding=\"async\" width=\"570\" height=\"500\" src=\"https:\/\/www.ataserkuyumculuk.com\/wp-content\/uploads\/2025\/11\/ataser-about-us-img2.jpg\" class=\"attachment-large size-large wp-image-12632\" alt=\"\" srcset=\"https:\/\/www.ataserkuyumculuk.com\/wp-content\/uploads\/2025\/11\/ataser-about-us-img2.jpg 570w, https:\/\/www.ataserkuyumculuk.com\/wp-content\/uploads\/2025\/11\/ataser-about-us-img2-300x263.jpg 300w\" sizes=\"(max-width: 570px) 100vw, 570px\" \/>\t\t\t\t\t\t\t\t\t\t\t\t\t\t\t<\/div>\n\t\t\t\t\t<\/div>\n\t\t<\/div>\n\t\t\t\t\t<\/div>\n\t\t<\/section>\n\t\t\t\t<section class=\"elementor-section elementor-top-section elementor-element elementor-element-8760a14 elementor-section-boxed elementor-section-height-default elementor-section-height-default\" data-id=\"8760a14\" data-element_type=\"section\" data-settings=\"{&quot;background_background&quot;:&quot;classic&quot;}\">\n\t\t\t\t\t\t<div class=\"elementor-container elementor-column-gap-no\">\n\t\t\t\t\t<div class=\"elementor-column elementor-col-100 elementor-top-column elementor-element elementor-element-d470663\" data-id=\"d470663\" data-element_type=\"column\" data-settings=\"{&quot;background_background&quot;:&quot;classic&quot;,&quot;background_motion_fx_motion_fx_scrolling&quot;:&quot;yes&quot;}\">\n\t\t\t<div class=\"elementor-widget-wrap elementor-element-populated\">\n\t\t\t\t\t\t<div class=\"elementor-element elementor-element-1915ec9 elementor-widget elementor-widget-text-editor\" data-id=\"1915ec9\" data-element_type=\"widget\" data-widget_type=\"text-editor.default\">\n\t\t\t\t\t\t\t\t\tGeleneksel kuyumculuk de\u011ferlerini, \u00e7a\u011fda\u015f ve s\u0131ra d\u0131\u015f\u0131 tasar\u0131mlarla bulu\u015fturuyoruz. Tasar\u0131m y\u00fcz\u00fcklerimiz, suyolu gerdanl\u0131klar\u0131m\u0131z ve koleksiyon bileziklerimiz, her biri birer sanat eseri olarak at\u00f6lyemizden sizlere ula\u015f\u0131yor.\t\t\t\t\t\t\t\t<\/div>\n\t\t\t\t\t<\/div>\n\t\t<\/div>\n\t\t\t\t\t<\/div>\n\t\t<\/section>\n\t\t\t\t<\/div>\n\t\t","protected":false},"excerpt":{"rendered":"<p>Her Par\u00e7a Bir Sanat, Her M\u00fc\u015fteri Bir De\u011fer. KURUMSAL Ataser Hakk\u0131nda Kocaeli\u2019nin g\u00fcvenilir kuyumcu adresi Ataser Kuyumculuk, uzun y\u0131llara dayanan deneyimi, yenilik\u00e7i tasar\u0131m anlay\u0131\u015f\u0131 ve m\u00fc\u015fteri memnuniyeti odakl\u0131 hizmetiyle alt\u0131n ve p\u0131rlanta d\u00fcnyas\u0131nda se\u00e7kin bir yer edinmi\u015ftir. Kurucusu Serkan Bulut\u2019un \u00f6nc\u00fcl\u00fc\u011f\u00fcnde, \u0130zmit\u2019ten t\u00fcm T\u00fcrkiye\u2019ye ula\u015fan bir g\u00fcven ve kalite markas\u0131 olarak hizmet vermektedir. Amac\u0131m\u0131z, sadece [&hellip;]<\/p>\n","protected":false},"author":1,"featured_media":0,"parent":0,"menu_order":0,"comment_status":"closed","ping_status":"closed","template":"","meta":{"footnotes":""},"class_list":["post-633","page","type-page","status-publish","hentry"],"_links":{"self":[{"href":"https:\/\/www.ataserkuyumculuk.com\/index.php\/wp-json\/wp\/v2\/pages\/633","targetHints":{"allow":["GET"]}}],"collection":[{"href":"https:\/\/www.ataserkuyumculuk.com\/index.php\/wp-json\/wp\/v2\/pages"}],"about":[{"href":"https:\/\/www.ataserkuyumculuk.com\/index.php\/wp-json\/wp\/v2\/types\/page"}],"author":[{"embeddable":true,"href":"https:\/\/www.ataserkuyumculuk.com\/index.php\/wp-json\/wp\/v2\/users\/1"}],"replies":[{"embeddable":true,"href":"https:\/\/www.ataserkuyumculuk.com\/index.php\/wp-json\/wp\/v2\/comments?post=633"}],"version-history":[{"count":23,"href":"https:\/\/www.ataserkuyumculuk.com\/index.php\/wp-json\/wp\/v2\/pages\/633\/revisions"}],"predecessor-version":[{"id":12636,"href":"https:\/\/www.ataserkuyumculuk.com\/index.php\/wp-json\/wp\/v2\/pages\/633\/revisions\/12636"}],"wp:attachment":[{"href":"https:\/\/www.ataserkuyumculuk.com\/index.php\/wp-json\/wp\/v2\/media?parent=633"}],"curies":[{"name":"wp","href":"https:\/\/api.w.org\/{rel}","templated":true}]}}